{"id":3,"date":"2025-01-24T14:55:24","date_gmt":"2025-01-24T13:55:24","guid":{"rendered":"https:\/\/stowarzyszeniemgr.pl\/?page_id=3"},"modified":"2025-07-10T12:45:39","modified_gmt":"2025-07-10T10:45:39","slug":"polityka-prywatnosci","status":"publish","type":"page","link":"https:\/\/stowarzyszeniemgr.pl\/index.php\/polityka-prywatnosci\/","title":{"rendered":"Polityka prywatno\u015bci"},"content":{"rendered":"\t\t<div data-elementor-type=\"wp-page\" data-elementor-id=\"3\" class=\"elementor elementor-3\">\n\t\t\t\t<div class=\"elementor-element elementor-element-15b6244 e-flex e-con-boxed e-con e-parent\" data-id=\"15b6244\" data-element_type=\"container\">\n\t\t\t\t\t<div class=\"e-con-inner\">\n\t\t\t\t<div class=\"elementor-element elementor-element-2596b28a elementor-widget elementor-widget-text-editor\" data-id=\"2596b28a\" data-element_type=\"widget\" data-widget_type=\"text-editor.default\">\n\t\t\t\t<div class=\"elementor-widget-container\">\n\t\t\t\t\t\t\t\t\t\n<ul>\n<li>\n<p><a href=\"http:\/\/www.stowarzyszeniemgr.pl\"><span style=\"font-weight: 400;\">www.stowarzyszeniemgr.pl<\/span><\/a><span style=\"font-weight: 400;\">, email: poczta.smgr@gmail.com Stowarzyszenie Ma\u0142ych Gospodarstw Rolnych, ul. Wilczy\u0144skiego 25E\/301B, 10-686 Olsztyn\u00a0<\/span><\/p>\n<br \/><br \/>\n<p><strong>POLITYKA PRYWATNO\u015aCI\u00a0<\/strong><\/p>\n<p><span style=\"font-weight: 400;\">www.stowarzyszeniemgr.pl\u00a0 Jakie dane o Tobie s\u0105 zapisywane?\u00a0<\/span><\/p>\n<p><span style=\"font-weight: 400;\"><br \/><\/span><span style=\"font-weight: 400;\"><strong>DANE ZBIERANE PODCZAS REJESTRACJI<br \/><\/strong> Aby\u015b m\u00f3g\u0142 skorzysta\u0107 z funkcji naszego systemu b\u0119dziesz musia\u0142 si\u0119 zarejestrowa\u0107. Podczas rejestracji zapytamy Ci\u0119 o Tw\u00f3j adres email, adres zamieszkania, numer telefonu, oraz has\u0142o jakiego b\u0119dziesz u\u017cywa\u0142 na naszej Witrynie.\u00a0<\/span><\/p>\n<br \/>\n<p><strong>DANE ZBIERANE PODCZAS TRANSAKCJI ZAKUPU <\/strong><span style=\"font-weight: 400;\"><br \/><\/span><span style=\"font-weight: 400;\">Zanim b\u0119dziemy mogli dokona\u0107 podpisania umowy cz\u0142onkowskiej Stowarzyszenia Ma\u0142ych Gospodarstw Rolnych zapytamy Ciebie o imi\u0119, nazwisko, adres zamieszkania, numer telefonu, oraz dane dotycz\u0105ce formy p\u0142atno\u015bci, <\/span><span style=\"font-weight: 400;\"><br \/><\/span><span style=\"font-weight: 400;\"><br \/><\/span><span style=\"font-weight: 400;\"><strong>DANE ZBIERANE AUTOMATYCZNIE<\/strong> Podczas Twojej wizyty na naszej stronie internetowej, automatycznie zbierane s\u0105 dane dotycz\u0105ce Twojej wizyty, np. Tw\u00f3j adres IP, nazwa domeny, typ przegl\u0105darki, typ systemu operacyjnego, itp.\u00a0<\/span><\/p>\n<br \/>\n<p><span style=\"font-weight: 400;\"><strong>DANE ZBIERANE, GDY KONTAKTUJESZ SI\u0118 Z NAMI<\/strong> <br \/>Gdy kontaktujesz si\u0119 z nami za pomoc\u0105 strony internetowej, telefonu, poczty email, itp. przekazujesz nam swoje dane osobowe, np. imi\u0119, nazwisko, adres email, itp.\u00a0<\/span><\/p>\n<br \/>\n<p><span style=\"font-weight: 400;\"><strong>W JAKI SPOS\u00d3B WYKORZYSTUJEMY TWOJE DANE?<\/strong> <br \/>W \u017cadnym wypadku nie b\u0119dziemy sprzedawali danych zebranych o Tobie podmiotom trzecim. Dane zbierane podczas rejestracji b\u0119d\u0105 wykorzystane wy\u0142\u0105cznie do umo\u017cliwienia Tobie zalogowania si\u0119 do naszego systemu. Rejestracja jest obowi\u0105zkowa je\u017celi chcesz zosta\u0107 Cz\u0142onkiem Stowarzyszenia Ma\u0142ych Gospodarstw Rolnych. Dane zbierane podczas transakcji zakupu b\u0119d\u0105 wykorzystane w celu realizacji sk\u0142adek cz\u0142onkowskich, w tym pobrania od Ciebie pieni\u0119dzy. Twoje dane mog\u0105 w tym celu by\u0107 przekazane firmie obs\u0142uguj\u0105cej transakcje p\u0142atnicze w celu obci\u0105\u017cenia Twojej karty kredytowej. Firma ta nie b\u0119dzie wykorzystywa\u0107 tych danych w \u017cadnym innym celu. Podanie tych danych jest obowi\u0105zkowe je\u017celi chcesz dokona\u0107 inwestycji. Je\u017celi zapisa\u0142e\u015b si\u0119 na nasz Newsletter, lub w inny spos\u00f3b wyrazi\u0142e\u015b zgod\u0119 na jego otrzymywanie, wykorzystamy Twoje dane w celu wys\u0142ania Ci naszego Newslettera. Zostaniesz zapytany czy chcesz otrzymywa\u0107 Newsletter. Dane zbierane automatycznie mog\u0105 by\u0107 u\u017cyte do analizy zachowa\u0144 u\u017cytkownik\u00f3w na naszej stronie internetowej, zbierania danych demograficznych o naszych u\u017cytkownikach, lub do personalizacji zawarto\u015bci naszych stron internetowych. Dane te s\u0105 zbierane automatycznie o ka\u017cdym u\u017cytkowniku. Dane zbierane w trakcie korespondencji pomi\u0119dzy Tob\u0105, a naszym serwisem b\u0119d\u0105 wykorzystane wy\u0142\u0105cznie w celu odpowiedzi na Twoje zapytanie. W przypadku naruszenia Regulaminu naszego serwisu, naruszenia prawa, lub gdy b\u0119d\u0105 wymaga\u0142y tego przepisy prawa, mo\u017cemy udost\u0119pni\u0107 Twoje dane organom wymiaru sprawiedliwo\u015bci.<\/span><\/p>\n<br \/>\n<p><span style=\"font-weight: 400;\">Stowarzyszenie Ma\u0142ych Gospodarstw Rolnych, poczta.smgr@gmail.com, adres korespondencyjny: ul. Wilczy\u0144skiego 25E\/301B 10-686 Olsztyn\u00a0<br \/><br \/><\/span><\/p>\n<p><span style=\"font-weight: 400;\"><strong>W JAKI SPOS\u00d3B B\u0118DZIEMY SI\u0118 Z TOB\u0104 KONTAKTOWA\u0106?<br \/><\/strong> Je\u017celi dokona\u0142e\u015b rejestracji lub podpisa\u0142e\u015b umow\u0119 cz\u0142onkowsk\u0105, mo\u017cesz otrzyma\u0107 od nas emaile dotycz\u0105ce Twojej rejestracji. Mo\u017cemy r\u00f3wnie\u017c kontaktowa\u0107 si\u0119 z Tob\u0105 telefonicznie, je\u017celi b\u0119dziemy mieli wa\u017cne informacje dotycz\u0105ce Twojego cz\u0142onkostwa.\u00a0<\/span><\/p>\n<br \/>\n<p><span style=\"font-weight: 400;\"><strong>W JAKI SPOS\u00d3B MO\u017bESZ POINFORMOWA\u0106 NAS O ZMIANIE DANYCH?<\/strong><br \/>Po zalogowaniu si\u0119 do systemu i wybraniu sekcji \u201eUstawienia\u201d, mo\u017cesz wprowadzi\u0107 zmiany lub usun\u0105\u0107 swoje dane osobowe zbierane podczas rejestracji i u\u017cywane do zalogowania si\u0119 do systemu i wysy\u0142ki Newslettera. Danych u\u017cytych do transakcji zakupu nie mo\u017cna zmieni\u0107, ani usun\u0105\u0107, gdy\u017c s\u0105 one cz\u0119\u015bci\u0105 rachunku . Danych zbieranych automatycznie nie da si\u0119 zmieni\u0107 lub usun\u0105\u0107. Niekt\u00f3re Dane takie jak imi\u0119 nazwisko lub numer Pesel b\u0119dzie mo\u017cna zmieni\u0107 lub poprawi\u0107 tylko przez kontakt telefoniczny lub poprzez poczt\u0119 e-mail z naszymi konsultantami a s\u0142u\u017cy to ochronie d\u00f3br zgromadzonych w Witrynie przez Ciebie.\u00a0<br \/><br \/><\/span><\/p>\n<p><span style=\"font-weight: 400;\"><strong>WYKORZYSTANIE CIASTECZEK (&#8222;COOKIES&#8221;)<\/strong> <br \/>Nasza Witryna mo\u017ce wykorzystywa\u0107 ciasteczka, kt\u00f3re s\u0142u\u017c\u0105 identyfikacji Twojej przegl\u0105darki podczas korzystania z naszej strony, aby\u015bmy wiedzieli jak\u0105 stron\u0119 Ci wy\u015bwietli\u0107. Ciasteczka nie zawieraj\u0105 \u017cadnych danych osobowych.\u00a0<\/span><\/p>\n<br \/>\n<p><span style=\"font-weight: 400;\"><strong>W JAKI SPOS\u00d3B ZABEZPIECZAMY TWOJE DANE OSOBOWE?<\/strong> Komunikacja mi\u0119dzy Twoim komputerem a naszym serwerem gdy zbieramy Twoje dane osobowe, jest zaszyfrowana z u\u017cyciem protoko\u0142u SSL (Secure Socket Layer). Dodatkowo nasze bazy danych zabezpieczone s\u0105 przed wgl\u0105dem os\u00f3b trzecich.\u00a0<\/span><\/p>\n<br \/>\n<p><span style=\"font-weight: 400;\"><strong>ZMIANY NASZEJ POLITYKI PRYWATNO\u015aCI.<\/strong> Zastrzegamy sobie prawo zmiany powy\u017cszej polityki prywatno\u015bci poprzez opublikowanie nowej polityki prywatno\u015bci na tej stronie. <\/span><\/p>\n<\/li>\n<\/ul>\t\t\t\t\t\t\t\t<\/div>\n\t\t\t\t<\/div>\n\t\t\t\t\t<\/div>\n\t\t\t\t<\/div>\n\t\t\t\t<\/div>\n\t\t","protected":false},"excerpt":{"rendered":"<p>www.stowarzyszeniemgr.pl, email: poczta.smgr@gmail.com Stowarzyszenie Ma\u0142ych Gospodarstw Rolnych, ul. Wilczy\u0144skiego 25E\/301B, 10-686 Olsztyn\u00a0 POLITYKA PRYWATNO\u015aCI\u00a0 www.stowarzyszeniemgr.pl\u00a0 Jakie dane o Tobie s\u0105 [&hellip;]<\/p>\n","protected":false},"author":1,"featured_media":0,"parent":0,"menu_order":0,"comment_status":"closed","ping_status":"open","template":"","meta":{"site-sidebar-layout":"default","site-content-layout":"","ast-site-content-layout":"","site-content-style":"default","site-sidebar-style":"default","ast-global-header-display":"","ast-banner-title-visibility":"","ast-main-header-display":"","ast-hfb-above-header-display":"","ast-hfb-below-header-display":"","ast-hfb-mobile-header-display":"","site-post-title":"","ast-breadcrumbs-content":"","ast-featured-img":"","footer-sml-layout":"","theme-transparent-header-meta":"","adv-header-id-meta":"","stick-header-meta":"","header-above-stick-meta":"","header-main-stick-meta":"","header-below-stick-meta":"","astra-migrate-meta-layouts":"default","ast-page-background-enabled":"default","ast-page-background-meta":{"desktop":{"background-color":"var(--ast-global-color-5)","background-image":"","background-repeat":"repeat","background-position":"center center","background-size":"auto","background-attachment":"scroll","background-type":"","background-media":"","overlay-type":"","overlay-color":"","overlay-opacity":"","overlay-gradient":""},"tablet":{"background-color":"","background-image":"","background-repeat":"repeat","background-position":"center center","background-size":"auto","background-attachment":"scroll","background-type":"","background-media":"","overlay-type":"","overlay-color":"","overlay-opacity":"","overlay-gradient":""},"mobile":{"background-color":"","background-image":"","background-repeat":"repeat","background-position":"center center","background-size":"auto","background-attachment":"scroll","background-type":"","background-media":"","overlay-type":"","overlay-color":"","overlay-opacity":"","overlay-gradient":""}},"ast-content-background-meta":{"desktop":{"background-color":"var(--ast-global-color-4)","background-image":"","background-repeat":"repeat","background-position":"center center","background-size":"auto","background-attachment":"scroll","background-type":"","background-media":"","overlay-type":"","overlay-color":"","overlay-opacity":"","overlay-gradient":""},"tablet":{"background-color":"var(--ast-global-color-4)","background-image":"","background-repeat":"repeat","background-position":"center center","background-size":"auto","background-attachment":"scroll","background-type":"","background-media":"","overlay-type":"","overlay-color":"","overlay-opacity":"","overlay-gradient":""},"mobile":{"background-color":"var(--ast-global-color-4)","background-image":"","background-repeat":"repeat","background-position":"center center","background-size":"auto","background-attachment":"scroll","background-type":"","background-media":"","overlay-type":"","overlay-color":"","overlay-opacity":"","overlay-gradient":""}},"footnotes":""},"class_list":["post-3","page","type-page","status-publish","hentry"],"_links":{"self":[{"href":"https:\/\/stowarzyszeniemgr.pl\/index.php\/wp-json\/wp\/v2\/pages\/3","targetHints":{"allow":["GET"]}}],"collection":[{"href":"https:\/\/stowarzyszeniemgr.pl\/index.php\/wp-json\/wp\/v2\/pages"}],"about":[{"href":"https:\/\/stowarzyszeniemgr.pl\/index.php\/wp-json\/wp\/v2\/types\/page"}],"author":[{"embeddable":true,"href":"https:\/\/stowarzyszeniemgr.pl\/index.php\/wp-json\/wp\/v2\/users\/1"}],"replies":[{"embeddable":true,"href":"https:\/\/stowarzyszeniemgr.pl\/index.php\/wp-json\/wp\/v2\/comments?post=3"}],"version-history":[{"count":12,"href":"https:\/\/stowarzyszeniemgr.pl\/index.php\/wp-json\/wp\/v2\/pages\/3\/revisions"}],"predecessor-version":[{"id":1752,"href":"https:\/\/stowarzyszeniemgr.pl\/index.php\/wp-json\/wp\/v2\/pages\/3\/revisions\/1752"}],"wp:attachment":[{"href":"https:\/\/stowarzyszeniemgr.pl\/index.php\/wp-json\/wp\/v2\/media?parent=3"}],"curies":[{"name":"wp","href":"https:\/\/api.w.org\/{rel}","templated":true}]}}